{"id":2247,"date":"2022-05-14T18:09:15","date_gmt":"2022-05-14T18:09:15","guid":{"rendered":"https:\/\/vivemedicalspa.com\/?page_id=2247"},"modified":"2023-07-27T18:29:31","modified_gmt":"2023-07-27T18:29:31","slug":"kybella","status":"publish","type":"page","link":"https:\/\/vivemedicalspa.com\/es\/kybella\/","title":{"rendered":"Kybella"},"content":{"rendered":"<div data-elementor-type=\"wp-page\" data-elementor-id=\"2247\" class=\"elementor elementor-2247\" data-elementor-post-type=\"page\">\n\t\t\t\t\t\t<section class=\"elementor-section elementor-top-section elementor-element elementor-element-390d43b1 elementor-section-boxed elementor-section-height-default elementor-section-height-default\" data-id=\"390d43b1\" data-element_type=\"section\" data-e-type=\"section\">\n\t\t\t\t\t\t<div class=\"elementor-container elementor-column-gap-default\">\n\t\t\t\t\t<div class=\"elementor-column elementor-col-100 elementor-top-column elementor-element elementor-element-1090d764\" data-id=\"1090d764\" data-element_type=\"column\" data-e-type=\"column\">\n\t\t\t<div class=\"elementor-widget-wrap elementor-element-populated\">\n\t\t\t\t\t\t<div class=\"elementor-element elementor-element-212b7920 elementor-widget elementor-widget-spacer\" data-id=\"212b7920\" data-element_type=\"widget\" data-e-type=\"widget\" data-widget_type=\"spacer.default\">\n\t\t\t\t<div class=\"elementor-widget-container\">\n\t\t\t\t\t\t\t<div class=\"elementor-spacer\">\n\t\t\t<div class=\"elementor-spacer-inner\"><\/div>\n\t\t<\/div>\n\t\t\t\t\t\t<\/div>\n\t\t\t\t<\/div>\n\t\t\t\t\t<\/div>\n\t\t<\/div>\n\t\t\t\t\t<\/div>\n\t\t<\/section>\n\t\t\t\t<section class=\"elementor-section elementor-top-section elementor-element elementor-element-940cc09 elementor-section-full_width elementor-section-stretched elementor-section-height-min-height elementor-section-height-default elementor-section-items-middle\" data-id=\"940cc09\" data-element_type=\"section\" data-e-type=\"section\" data-settings=\"{&quot;stretch_section&quot;:&quot;section-stretched&quot;,&quot;background_background&quot;:&quot;classic&quot;}\">\n\t\t\t\t\t\t<div class=\"elementor-container elementor-column-gap-no\">\n\t\t\t\t\t<div class=\"elementor-column elementor-col-100 elementor-top-column elementor-element elementor-element-dec1622\" data-id=\"dec1622\" data-element_type=\"column\" data-e-type=\"column\">\n\t\t\t<div class=\"elementor-widget-wrap elementor-element-populated\">\n\t\t\t\t\t\t<div class=\"elementor-element elementor-element-bf2f13e elementor-widget elementor-widget-spacer\" data-id=\"bf2f13e\" data-element_type=\"widget\" data-e-type=\"widget\" data-widget_type=\"spacer.default\">\n\t\t\t\t<div class=\"elementor-widget-container\">\n\t\t\t\t\t\t\t<div class=\"elementor-spacer\">\n\t\t\t<div class=\"elementor-spacer-inner\"><\/div>\n\t\t<\/div>\n\t\t\t\t\t\t<\/div>\n\t\t\t\t<\/div>\n\t\t\t\t\t<\/div>\n\t\t<\/div>\n\t\t\t\t\t<\/div>\n\t\t<\/section>\n\t\t\t\t<section class=\"elementor-section elementor-top-section elementor-element elementor-element-173f044 elementor-section-boxed elementor-section-height-default elementor-section-height-default\" data-id=\"173f044\" data-element_type=\"section\" data-e-type=\"section\">\n\t\t\t\t\t\t<div class=\"elementor-container elementor-column-gap-default\">\n\t\t\t\t\t<div class=\"elementor-column elementor-col-100 elementor-top-column elementor-element elementor-element-2014675\" data-id=\"2014675\" data-element_type=\"column\" data-e-type=\"column\">\n\t\t\t<div class=\"elementor-widget-wrap elementor-element-populated\">\n\t\t\t\t\t\t<div class=\"elementor-element elementor-element-45940ae elementor-widget elementor-widget-heading\" data-id=\"45940ae\" data-element_type=\"widget\" data-e-type=\"widget\" data-widget_type=\"heading.default\">\n\t\t\t\t<div class=\"elementor-widget-container\">\n\t\t\t\t\t<p class=\"elementor-heading-title elementor-size-default\">Lipo Enzimas PB Serum<\/p>\t\t\t\t<\/div>\n\t\t\t\t<\/div>\n\t\t\t\t<div class=\"elementor-element elementor-element-33318aa elementor-widget elementor-widget-text-editor\" data-id=\"33318aa\" data-element_type=\"widget\" data-e-type=\"widget\" data-widget_type=\"text-editor.default\">\n\t\t\t\t<div class=\"elementor-widget-container\">\n\t\t\t\t\t\t\t\t\t<p><span style=\"font-weight: 400;\">Las Lipo Enzimas son un tipo de enzima que descompone las grasas, carbohidratos y prote\u00ednas. T\u00fa puedes deshacerte de los dep\u00f3sitos de grasa en diferentes \u00e1reas usando el kit de Lipo Enzimas PB Serum. Mejoran la piel, eliminan la grasa no deseada y reparan zonas da\u00f1adas, celulitis, sequedad o piel envejecida. \u00a1Combin\u00e1ndolos con otros tratamientos se obtienen resultados sorprendentes!<\/span><\/p>\t\t\t\t\t\t\t\t<\/div>\n\t\t\t\t<\/div>\n\t\t\t\t<div class=\"elementor-element elementor-element-41b8a86 elementor-widget elementor-widget-spacer\" data-id=\"41b8a86\" data-element_type=\"widget\" data-e-type=\"widget\" data-widget_type=\"spacer.default\">\n\t\t\t\t<div class=\"elementor-widget-container\">\n\t\t\t\t\t\t\t<div class=\"elementor-spacer\">\n\t\t\t<div class=\"elementor-spacer-inner\"><\/div>\n\t\t<\/div>\n\t\t\t\t\t\t<\/div>\n\t\t\t\t<\/div>\n\t\t\t\t\t<\/div>\n\t\t<\/div>\n\t\t\t\t\t<\/div>\n\t\t<\/section>\n\t\t\t\t<\/div>","protected":false},"excerpt":{"rendered":"<p>Lipo Enzimas PB Serum Las Lipo Enzimas son un tipo de enzima que descompone las grasas, carbohidratos y prote\u00ednas. T\u00fa puedes deshacerte de los dep\u00f3sitos de grasa en diferentes \u00e1reas [&hellip;]<\/p>","protected":false},"author":2,"featured_media":0,"parent":0,"menu_order":0,"comment_status":"closed","ping_status":"closed","template":"","meta":{"footnotes":"","_links_to":"","_links_to_target":""},"class_list":["post-2247","page","type-page","status-publish","hentry"],"yoast_head":"<!-- This site is optimized with the Yoast SEO plugin v27.4 - https:\/\/yoast.com\/product\/yoast-seo-wordpress\/ -->\n<title>Kybella - Vive Medical Spa<\/title>\n<meta name=\"robots\" content=\"index, follow, max-snippet:-1, max-image-preview:large, max-video-preview:-1\" \/>\n<link rel=\"canonical\" href=\"https:\/\/vivemedicalspa.com\/es\/kybella\/\" \/>\n<meta property=\"og:locale\" content=\"es_MX\" \/>\n<meta property=\"og:type\" content=\"article\" \/>\n<meta property=\"og:title\" content=\"Kybella - Vive Medical Spa\" \/>\n<meta property=\"og:description\" content=\"Lipo Enzimas PB Serum Las Lipo Enzimas son un tipo de enzima que descompone las grasas, carbohidratos y prote\u00ednas. T\u00fa puedes deshacerte de los dep\u00f3sitos de grasa en diferentes \u00e1reas [&hellip;]\" \/>\n<meta property=\"og:url\" content=\"https:\/\/vivemedicalspa.com\/es\/kybella\/\" \/>\n<meta property=\"og:site_name\" content=\"Vive Medical Spa\" \/>\n<meta property=\"article:publisher\" content=\"https:\/\/www.facebook.com\/vivespamedico\" \/>\n<meta property=\"article:modified_time\" content=\"2023-07-27T18:29:31+00:00\" \/>\n<meta name=\"twitter:card\" content=\"summary_large_image\" \/>\n<meta name=\"twitter:label1\" content=\"Tiempo de lectura\" \/>\n\t<meta name=\"twitter:data1\" content=\"1 minuto\" \/>\n<script type=\"application\/ld+json\" class=\"yoast-schema-graph\">{\"@context\":\"https:\\\/\\\/schema.org\",\"@graph\":[{\"@type\":\"WebPage\",\"@id\":\"https:\\\/\\\/vivemedicalspa.com\\\/kybella\\\/\",\"url\":\"https:\\\/\\\/vivemedicalspa.com\\\/kybella\\\/\",\"name\":\"Kybella - Vive Medical Spa\",\"isPartOf\":{\"@id\":\"https:\\\/\\\/vivemedicalspa.com\\\/#website\"},\"datePublished\":\"2022-05-14T18:09:15+00:00\",\"dateModified\":\"2023-07-27T18:29:31+00:00\",\"breadcrumb\":{\"@id\":\"https:\\\/\\\/vivemedicalspa.com\\\/kybella\\\/#breadcrumb\"},\"inLanguage\":\"es\",\"potentialAction\":[{\"@type\":\"ReadAction\",\"target\":[\"https:\\\/\\\/vivemedicalspa.com\\\/kybella\\\/\"]}]},{\"@type\":\"BreadcrumbList\",\"@id\":\"https:\\\/\\\/vivemedicalspa.com\\\/kybella\\\/#breadcrumb\",\"itemListElement\":[{\"@type\":\"ListItem\",\"position\":1,\"name\":\"Home\",\"item\":\"https:\\\/\\\/vivemedicalspa.com\\\/\"},{\"@type\":\"ListItem\",\"position\":2,\"name\":\"Kybella\"}]},{\"@type\":\"WebSite\",\"@id\":\"https:\\\/\\\/vivemedicalspa.com\\\/#website\",\"url\":\"https:\\\/\\\/vivemedicalspa.com\\\/\",\"name\":\"Vive Medical Spa\",\"description\":\"\",\"publisher\":{\"@id\":\"https:\\\/\\\/vivemedicalspa.com\\\/#organization\"},\"potentialAction\":[{\"@type\":\"SearchAction\",\"target\":{\"@type\":\"EntryPoint\",\"urlTemplate\":\"https:\\\/\\\/vivemedicalspa.com\\\/?s={search_term_string}\"},\"query-input\":{\"@type\":\"PropertyValueSpecification\",\"valueRequired\":true,\"valueName\":\"search_term_string\"}}],\"inLanguage\":\"es\"},{\"@type\":\"Organization\",\"@id\":\"https:\\\/\\\/vivemedicalspa.com\\\/#organization\",\"name\":\"VIVE Medical SPA\",\"url\":\"https:\\\/\\\/vivemedicalspa.com\\\/\",\"logo\":{\"@type\":\"ImageObject\",\"inLanguage\":\"es\",\"@id\":\"https:\\\/\\\/vivemedicalspa.com\\\/#\\\/schema\\\/logo\\\/image\\\/\",\"url\":\"https:\\\/\\\/vivemedicalspa.com\\\/wp-content\\\/uploads\\\/2022\\\/05\\\/logodorado.png\",\"contentUrl\":\"https:\\\/\\\/vivemedicalspa.com\\\/wp-content\\\/uploads\\\/2022\\\/05\\\/logodorado.png\",\"width\":458,\"height\":624,\"caption\":\"VIVE Medical SPA\"},\"image\":{\"@id\":\"https:\\\/\\\/vivemedicalspa.com\\\/#\\\/schema\\\/logo\\\/image\\\/\"},\"sameAs\":[\"https:\\\/\\\/www.facebook.com\\\/vivespamedico\"]}]}<\/script>\n<!-- \/ Yoast SEO plugin. -->","yoast_head_json":{"title":"Kybella - Vive Medical Spa","robots":{"index":"index","follow":"follow","max-snippet":"max-snippet:-1","max-image-preview":"max-image-preview:large","max-video-preview":"max-video-preview:-1"},"canonical":"https:\/\/vivemedicalspa.com\/es\/kybella\/","og_locale":"es_MX","og_type":"article","og_title":"Kybella - Vive Medical Spa","og_description":"Lipo Enzimas PB Serum Las Lipo Enzimas son un tipo de enzima que descompone las grasas, carbohidratos y prote\u00ednas. T\u00fa puedes deshacerte de los dep\u00f3sitos de grasa en diferentes \u00e1reas [&hellip;]","og_url":"https:\/\/vivemedicalspa.com\/es\/kybella\/","og_site_name":"Vive Medical Spa","article_publisher":"https:\/\/www.facebook.com\/vivespamedico","article_modified_time":"2023-07-27T18:29:31+00:00","twitter_card":"summary_large_image","twitter_misc":{"Tiempo de lectura":"1 minuto"},"schema":{"@context":"https:\/\/schema.org","@graph":[{"@type":"WebPage","@id":"https:\/\/vivemedicalspa.com\/kybella\/","url":"https:\/\/vivemedicalspa.com\/kybella\/","name":"Kybella - Vive Medical Spa","isPartOf":{"@id":"https:\/\/vivemedicalspa.com\/#website"},"datePublished":"2022-05-14T18:09:15+00:00","dateModified":"2023-07-27T18:29:31+00:00","breadcrumb":{"@id":"https:\/\/vivemedicalspa.com\/kybella\/#breadcrumb"},"inLanguage":"es","potentialAction":[{"@type":"ReadAction","target":["https:\/\/vivemedicalspa.com\/kybella\/"]}]},{"@type":"BreadcrumbList","@id":"https:\/\/vivemedicalspa.com\/kybella\/#breadcrumb","itemListElement":[{"@type":"ListItem","position":1,"name":"Home","item":"https:\/\/vivemedicalspa.com\/"},{"@type":"ListItem","position":2,"name":"Kybella"}]},{"@type":"WebSite","@id":"https:\/\/vivemedicalspa.com\/#website","url":"https:\/\/vivemedicalspa.com\/","name":"Vive Medical Spa","description":"","publisher":{"@id":"https:\/\/vivemedicalspa.com\/#organization"},"potentialAction":[{"@type":"SearchAction","target":{"@type":"EntryPoint","urlTemplate":"https:\/\/vivemedicalspa.com\/?s={search_term_string}"},"query-input":{"@type":"PropertyValueSpecification","valueRequired":true,"valueName":"search_term_string"}}],"inLanguage":"es"},{"@type":"Organization","@id":"https:\/\/vivemedicalspa.com\/#organization","name":"VIVE Medical SPA","url":"https:\/\/vivemedicalspa.com\/","logo":{"@type":"ImageObject","inLanguage":"es","@id":"https:\/\/vivemedicalspa.com\/#\/schema\/logo\/image\/","url":"https:\/\/vivemedicalspa.com\/wp-content\/uploads\/2022\/05\/logodorado.png","contentUrl":"https:\/\/vivemedicalspa.com\/wp-content\/uploads\/2022\/05\/logodorado.png","width":458,"height":624,"caption":"VIVE Medical SPA"},"image":{"@id":"https:\/\/vivemedicalspa.com\/#\/schema\/logo\/image\/"},"sameAs":["https:\/\/www.facebook.com\/vivespamedico"]}]}},"_links":{"self":[{"href":"https:\/\/vivemedicalspa.com\/es\/wp-json\/wp\/v2\/pages\/2247","targetHints":{"allow":["GET"]}}],"collection":[{"href":"https:\/\/vivemedicalspa.com\/es\/wp-json\/wp\/v2\/pages"}],"about":[{"href":"https:\/\/vivemedicalspa.com\/es\/wp-json\/wp\/v2\/types\/page"}],"author":[{"embeddable":true,"href":"https:\/\/vivemedicalspa.com\/es\/wp-json\/wp\/v2\/users\/2"}],"replies":[{"embeddable":true,"href":"https:\/\/vivemedicalspa.com\/es\/wp-json\/wp\/v2\/comments?post=2247"}],"version-history":[{"count":0,"href":"https:\/\/vivemedicalspa.com\/es\/wp-json\/wp\/v2\/pages\/2247\/revisions"}],"wp:attachment":[{"href":"https:\/\/vivemedicalspa.com\/es\/wp-json\/wp\/v2\/media?parent=2247"}],"curies":[{"name":"wp","href":"https:\/\/api.w.org\/{rel}","templated":true}]}}